{"id":1652,"date":"2019-09-01T18:24:11","date_gmt":"2019-09-01T16:24:11","guid":{"rendered":"http:\/\/www.tuma-tv.com\/fitnesstreff\/wordpress\/?page_id=1652"},"modified":"2020-05-12T07:53:38","modified_gmt":"2020-05-12T05:53:38","slug":"kinderkarate-kickboxen","status":"publish","type":"page","link":"https:\/\/www.tuma-tv.com\/fitnesstreff\/wordpress\/kinderkarate-kickboxen\/","title":{"rendered":"Kinderkarate\/Kickboxen"},"content":{"rendered":"\n<p>Wir bringen Ihren Kind langsam in den Kampfsport. Mit viel Spa\u00df und Spiel werden Ihrem Kind alle f\u00fcr den Kampfsport wichtigen Grundlagen gelehrt. Am Ende des Jahres gibt es immer eine G\u00fcrtelpr\u00fcfung, die das K\u00f6nnen der Kinder und Jugendlichen bewei\u00dft. Aufgurnd der hohen Nachfrage und der Platznot nur mit Voranmeldung m\u00f6glich.<\/p>\n","protected":false},"excerpt":{"rendered":"<p>Wir bringen Ihren Kind langsam in den Kampfsport. Mit viel Spa\u00df und Spiel werden Ihrem Kind alle f\u00fcr den Kampfsport wichtigen Grundlagen gelehrt. Am Ende des Jahres gibt es immer eine G\u00fcrtelpr\u00fcfung, die das K\u00f6nnen der Kinder und Jugendlichen bewei\u00dft. Aufgurnd der hohen Nachfrage und der Platznot nur mit Voranmeldung m\u00f6glich.<\/p>\n","protected":false},"author":1,"featured_media":1660,"parent":0,"menu_order":0,"comment_status":"closed","ping_status":"closed","template":"","meta":{"footnotes":""},"_links":{"self":[{"href":"https:\/\/www.tuma-tv.com\/fitnesstreff\/wordpress\/wp-json\/wp\/v2\/pages\/1652"}],"collection":[{"href":"https:\/\/www.tuma-tv.com\/fitnesstreff\/wordpress\/wp-json\/wp\/v2\/pages"}],"about":[{"href":"https:\/\/www.tuma-tv.com\/fitnesstreff\/wordpress\/wp-json\/wp\/v2\/types\/page"}],"author":[{"embeddable":true,"href":"https:\/\/www.tuma-tv.com\/fitnesstreff\/wordpress\/wp-json\/wp\/v2\/users\/1"}],"replies":[{"embeddable":true,"href":"https:\/\/www.tuma-tv.com\/fitnesstreff\/wordpress\/wp-json\/wp\/v2\/comments?post=1652"}],"version-history":[{"count":1,"href":"https:\/\/www.tuma-tv.com\/fitnesstreff\/wordpress\/wp-json\/wp\/v2\/pages\/1652\/revisions"}],"predecessor-version":[{"id":1653,"href":"https:\/\/www.tuma-tv.com\/fitnesstreff\/wordpress\/wp-json\/wp\/v2\/pages\/1652\/revisions\/1653"}],"wp:featuredmedia":[{"embeddable":true,"href":"https:\/\/www.tuma-tv.com\/fitnesstreff\/wordpress\/wp-json\/wp\/v2\/media\/1660"}],"wp:attachment":[{"href":"https:\/\/www.tuma-tv.com\/fitnesstreff\/wordpress\/wp-json\/wp\/v2\/media?parent=1652"}],"curies":[{"name":"wp","href":"https:\/\/api.w.org\/{rel}","templated":true}]}}