{"id":1503,"date":"2019-03-03T09:01:02","date_gmt":"2019-03-03T09:01:02","guid":{"rendered":"http:\/\/demo.sparklewpthemes.com\/fitnessparkpro\/?page_id=1503"},"modified":"2020-05-11T23:17:17","modified_gmt":"2020-05-11T21:17:17","slug":"cardio-facility","status":"publish","type":"page","link":"https:\/\/www.tuma-tv.com\/fitnesstreff\/wordpress\/cardio-facility\/","title":{"rendered":"Ausdauer Training"},"content":{"rendered":"\n<p>Die Ausdauer ist ein wichtiger Teil eines gesamtheitlichen Trainings.<\/p>\n\n\n\n<p>Nutzen Sie unseren Cardio Ger\u00e4tepark. Wenn Sie vom Ger\u00e4t absteigen sind sie noch immer an der gleichen Stelle. Dies l\u00e4sst sich bei einem Waldlauf oder bei einer Fahrradausfahrt nicht so leicht planen.<\/p>\n\n\n\n<p>10 Minuten Cardiotraining zum Erw\u00e4rmen des K\u00f6rpers sind optimal!<\/p>\n","protected":false},"excerpt":{"rendered":"<p>Die Ausdauer ist ein wichtiger Teil eines gesamtheitlichen Trainings. Nutzen Sie unseren Cardio Ger\u00e4tepark. Wenn Sie vom Ger\u00e4t absteigen sind sie noch immer an der gleichen Stelle. Dies l\u00e4sst sich bei einem Waldlauf oder bei einer Fahrradausfahrt nicht so leicht planen. 10 Minuten Cardiotraining zum Erw\u00e4rmen des K\u00f6rpers sind optimal!<\/p>\n","protected":false},"author":1,"featured_media":54,"parent":0,"menu_order":0,"comment_status":"closed","ping_status":"closed","template":"","meta":{"footnotes":""},"_links":{"self":[{"href":"https:\/\/www.tuma-tv.com\/fitnesstreff\/wordpress\/wp-json\/wp\/v2\/pages\/1503"}],"collection":[{"href":"https:\/\/www.tuma-tv.com\/fitnesstreff\/wordpress\/wp-json\/wp\/v2\/pages"}],"about":[{"href":"https:\/\/www.tuma-tv.com\/fitnesstreff\/wordpress\/wp-json\/wp\/v2\/types\/page"}],"author":[{"embeddable":true,"href":"https:\/\/www.tuma-tv.com\/fitnesstreff\/wordpress\/wp-json\/wp\/v2\/users\/1"}],"replies":[{"embeddable":true,"href":"https:\/\/www.tuma-tv.com\/fitnesstreff\/wordpress\/wp-json\/wp\/v2\/comments?post=1503"}],"version-history":[{"count":1,"href":"https:\/\/www.tuma-tv.com\/fitnesstreff\/wordpress\/wp-json\/wp\/v2\/pages\/1503\/revisions"}],"predecessor-version":[{"id":1696,"href":"https:\/\/www.tuma-tv.com\/fitnesstreff\/wordpress\/wp-json\/wp\/v2\/pages\/1503\/revisions\/1696"}],"wp:featuredmedia":[{"embeddable":true,"href":"https:\/\/www.tuma-tv.com\/fitnesstreff\/wordpress\/wp-json\/wp\/v2\/media\/54"}],"wp:attachment":[{"href":"https:\/\/www.tuma-tv.com\/fitnesstreff\/wordpress\/wp-json\/wp\/v2\/media?parent=1503"}],"curies":[{"name":"wp","href":"https:\/\/api.w.org\/{rel}","templated":true}]}}